{"id":1453,"date":"2023-03-01T09:31:51","date_gmt":"2023-03-01T09:31:51","guid":{"rendered":"https:\/\/www.trbitaly.com\/?page_id=1453"},"modified":"2025-01-30T11:33:07","modified_gmt":"2025-01-30T11:33:07","slug":"privacy","status":"publish","type":"page","link":"https:\/\/www.trbitaly.com\/en\/privacy\/","title":{"rendered":"Privacy Policy"},"content":{"rendered":"<div data-elementor-type=\"wp-page\" data-elementor-id=\"1453\" class=\"elementor elementor-1453\">\n\t\t\t\t\t\t<section class=\"elementor-section elementor-top-section elementor-element elementor-element-51fb859 elementor-section-boxed elementor-section-height-default elementor-section-height-default wpr-particle-no wpr-jarallax-no wpr-parallax-no wpr-sticky-section-no wpr-equal-height-no\" data-id=\"51fb859\" data-element_type=\"section\" data-e-type=\"section\" data-settings=\"{&quot;background_background&quot;:&quot;classic&quot;}\">\n\t\t\t\t\t\t\t<div class=\"elementor-background-overlay\"><\/div>\n\t\t\t\t\t\t\t<div class=\"elementor-container elementor-column-gap-default\">\n\t\t\t\t\t<div class=\"elementor-column elementor-col-100 elementor-top-column elementor-element elementor-element-53873c9\" data-id=\"53873c9\" data-element_type=\"column\" data-e-type=\"column\">\n\t\t\t<div class=\"elementor-widget-wrap elementor-element-populated\">\n\t\t\t\t\t\t<div class=\"elementor-element elementor-element-0eb49de elementor-widget elementor-widget-heading\" data-id=\"0eb49de\" data-element_type=\"widget\" data-e-type=\"widget\" data-widget_type=\"heading.default\">\n\t\t\t\t<div class=\"elementor-widget-container\">\n\t\t\t\t\t<h2 class=\"elementor-heading-title elementor-size-default\">PRIVACY POLICY<\/h2>\t\t\t\t<\/div>\n\t\t\t\t<\/div>\n\t\t\t\t<div class=\"elementor-element elementor-element-395078c elementor-widget elementor-widget-text-editor\" data-id=\"395078c\" data-element_type=\"widget\" data-e-type=\"widget\" data-widget_type=\"text-editor.default\">\n\t\t\t\t<div class=\"elementor-widget-container\">\n\t\t\t\t\t\t\t\t\t<div class=\"page\" title=\"Page 1\"><div class=\"layoutArea\"><div class=\"column\"><p>The company <strong>TRB SRL<\/strong> , in the person of its legal representative, VAT number 01921660351, with headquarters in Via T. Tasso, 9 42023 Cadelbosco Sopra (RE) with email address <a href=\"mailto:info@trbitaly.com\"><strong>info@trbitaly.com<\/strong><\/a> \u2013 PEC <a href=\"mailto:trb1@legalmail.it\"><strong>trb1@legalmail.it<\/strong><\/a> (hereinafter, the \"<strong>Site<\/strong>\"), as<strong> data controller of the personal data<\/strong> users of the Site (hereinafter, the \"<strong>Users<\/strong>\") provides below the privacy information pursuant to art. 13 of EU Regulation 2016\/679 of 2 7 April 2016 (hereinafter, the \"<strong>Regulation<\/strong>\", or the \"<strong>Applicable Law<\/strong>\u201d).<\/p><p>This Site and any services offered through the Site are restricted to individuals who are eighteen years of age or older. Therefore, the Owner does not collect personal data relating to individuals under the age of 18. Upon the request of Users, the Owner will promptly delete all personal data unintentionally collected relating to individuals under the age of 18.<\/p><p>The Owner takes the utmost account of the right to privacy and the protection of personal data of its Users. For any information in relation to this privacy statement, Users can <strong>contact the Owner<\/strong> in qualsiasi momento, utilizzando le seguenti modalit\u00e0:<\/p><ul><li>By sending a registered letter with return receipt to the Data Controller's registered office in via T. Tasso, 9 - 42 023 Cadelbosco di Sopra (RE)<\/li><li><div class=\"page\" title=\"Page 1\"><div class=\"layoutArea\"><div class=\"column\"><p>By sending an e-mail message to the following e-mail addresses: <a href=\"mailto:info@trbitaly.com\">info@trbitaly.com<\/a> or pec: <a href=\"mailto:trb1@legalmail.it\">trb1@legalmail.it<\/a><\/p><\/div><\/div><\/div><\/li><\/ul><\/div><\/div><\/div>\t\t\t\t\t\t\t\t<\/div>\n\t\t\t\t<\/div>\n\t\t\t\t<div class=\"elementor-element elementor-element-e441680 elementor-widget elementor-widget-heading\" data-id=\"e441680\" data-element_type=\"widget\" data-e-type=\"widget\" data-widget_type=\"heading.default\">\n\t\t\t\t<div class=\"elementor-widget-container\">\n\t\t\t\t\t<h5 class=\"elementor-heading-title elementor-size-default\">1. Purpose of the treatment<\/h5>\t\t\t\t<\/div>\n\t\t\t\t<\/div>\n\t\t\t\t<div class=\"elementor-element elementor-element-5f2c1e4 elementor-widget elementor-widget-text-editor\" data-id=\"5f2c1e4\" data-element_type=\"widget\" data-e-type=\"widget\" data-widget_type=\"text-editor.default\">\n\t\t\t\t<div class=\"elementor-widget-container\">\n\t\t\t\t\t\t\t\t\t<div class=\"page\" title=\"Page 1\"><div class=\"layoutArea\"><div class=\"column\"><div class=\"page\" title=\"Page 1\"><div class=\"layoutArea\"><div class=\"column\"><p>Users' personal data will be processed lawfully by the Data Controller pursuant to art. 6 of the Regulation for the following processing purposes:<\/p><\/div><\/div><\/div><ol><li><div class=\"page\" title=\"Page 1\"><div class=\"layoutArea\"><div class=\"column\"><p><span style=\"text-decoration: underline;\"><strong>provision of the service<\/strong><\/span>, or to allow the User to browse the Site. The User data collected by the Data Controller for this purpose includes all personal data whose transmission is implicit in the use of Internet communication protocols, which the computer systems and software procedures used to operate the Site acquire during their normal operation: the IP addresses or domain names of the computers used by the Users, the U RI (Uniform Resource Identifier) notation addresses of the requested resources, the time of the request, the method used to submit the request to the server, the size of the file obtained in response, the numerical code indicating the status of the response given by the server (successful, error, etc.) and other parameters relating to the operating system and the User's IT environment. These data are used for the sole purpose of obtaining anonymous statistical information on the use of the Site and to allow it to function correctly. Without prejudice to the provisions elsewhere in this privacy statement, in no case will the Data Controller make the Users' personal data accessible to other Users and\/or third parties;<\/p><\/div><\/div><\/div><\/li><li><div class=\"page\" title=\"Page 1\"><div class=\"layoutArea\"><div class=\"column\"><p><span style=\"text-decoration: underline;\"><strong>process the User's request<\/strong><\/span>: Users' personal data are collected and processed by the Data Controller for the sole purpose of processing their request. The User data collected by the Data Controller for this purpose includes: name, surname, email address and all other User data that may be voluntarily published in the \" <a href=\"https:\/\/trb.istricesrl.it\/contact\/\"><strong>contact us<\/strong><\/a>\" section. No other treatment will be carried out by the Owner in relation to the personal data of the Users. Without prejudice to the provisions elsewhere in this privacy statement, in no case will the Data Controller make the Users' personal data accessible to other Users and\/or third parties.<\/p><\/div><\/div><\/div><\/li><li><span style=\"text-decoration: underline;\"><strong>administrative-accounting purposes<\/strong><\/span>, or to carry out activities of an organisational, administrative, financial and accounting nature, such as internal organizational activities and functional activities for the fulfillment of contractual and pre-contractual obligations;<\/li><li><span style=\"text-decoration: underline;\"><strong>legal obligations<\/strong><\/span>, beh\u00f6rdlicher, beh\u00f6rdlicher oder gesetzlicher Verpflichtungen und zur Feststellung der Verantwortlichkeit im Falle hypothetischer Computerkriminalit\u00e4t gegen die Website;<\/li><li><span style=\"text-decoration: underline;\"><strong>consent given<\/strong><\/span>, if in the cases provided for by current legislation, the User has given consent for one or more specific purposes;<\/li><li><span style=\"text-decoration: underline;\"><strong>execution of a contract<\/strong><\/span>, if the processing is necessary for the execution of a contract with the User and\/or for the execution of pre-contractual measures.<\/li><\/ol><p>However, it is always possible to ask the Data Controller to clarify the concrete legal basis of each treatment and in particular to verify whether the treatment is based on the law, provided for by a contract or necessary to conclude a contract.<br \/>The provision of personal data for the processing purposes indicated above is optional but necessary, since failure to provide them will make it impossible for the User to make his request to the Data Controller.<br \/>The personal data that are necessary for the pursuit of the processing purposes described in this point 1) are indicated with an asterisk in the request form.<\/p><\/div><\/div><\/div>\t\t\t\t\t\t\t\t<\/div>\n\t\t\t\t<\/div>\n\t\t\t\t<div class=\"elementor-element elementor-element-13adb08 elementor-widget elementor-widget-heading\" data-id=\"13adb08\" data-element_type=\"widget\" data-e-type=\"widget\" data-widget_type=\"heading.default\">\n\t\t\t\t<div class=\"elementor-widget-container\">\n\t\t\t\t\t<h5 class=\"elementor-heading-title elementor-size-default\">2. Processing methods and data storage times<\/h5>\t\t\t\t<\/div>\n\t\t\t\t<\/div>\n\t\t\t\t<div class=\"elementor-element elementor-element-c3e5b5f elementor-widget elementor-widget-text-editor\" data-id=\"c3e5b5f\" data-element_type=\"widget\" data-e-type=\"widget\" data-widget_type=\"text-editor.default\">\n\t\t\t\t<div class=\"elementor-widget-container\">\n\t\t\t\t\t\t\t\t\t<div class=\"page\" title=\"Page 1\"><div class=\"layoutArea\"><div class=\"column\"><div class=\"page\" title=\"Page 1\"><div class=\"layoutArea\"><div class=\"column\"><p>The Data Controller will process Users' personal data using manual and IT tools, with logic strictly related to the purposes themselves and, in any case, in order to guarantee the security and confidentiality of the data.<br \/>The personal data of the Users of the Site will be kept for the time strictly necessary to carry out the primary purposes illustrated in the previous point 1) or in any case according to what is necessary for the protection in civil law of the interests of both the Users and the Owner.<\/p><\/div><\/div><\/div><\/div><\/div><\/div>\t\t\t\t\t\t\t\t<\/div>\n\t\t\t\t<\/div>\n\t\t\t\t<div class=\"elementor-element elementor-element-56e032a elementor-widget elementor-widget-heading\" data-id=\"56e032a\" data-element_type=\"widget\" data-e-type=\"widget\" data-widget_type=\"heading.default\">\n\t\t\t\t<div class=\"elementor-widget-container\">\n\t\t\t\t\t<h5 class=\"elementor-heading-title elementor-size-default\">3. Scope of communication and dissemination of data<\/h5>\t\t\t\t<\/div>\n\t\t\t\t<\/div>\n\t\t\t\t<div class=\"elementor-element elementor-element-09e8af7 elementor-widget elementor-widget-text-editor\" data-id=\"09e8af7\" data-element_type=\"widget\" data-e-type=\"widget\" data-widget_type=\"text-editor.default\">\n\t\t\t\t<div class=\"elementor-widget-container\">\n\t\t\t\t\t\t\t\t\t<div class=\"page\" title=\"Page 1\"><div class=\"layoutArea\"><div class=\"column\"><div class=\"page\" title=\"Page 1\"><div class=\"layoutArea\"><div class=\"column\"><p>The personal data of the Users may come to the knowledge of the employees and\/or collaborators of the Controller in charge of managing the Site and the requests of the Users. These subjects, who have been instructed to this effect by the Owner in accordance with Article 29 of the Regulations, will process the User's data exclusively for the purposes indicated in this notice and in compliance with the provisions of the Applicable Regulations.<br \/>Users' personal data may also be disclosed to third parties who may process personal data on behalf of the Data Controller as \"External Data Processors,\" such as, but not limited to, IT and logistics service providers functional to the operation of the Site, service providers in <em>outsourcing<\/em> o<em> cloud computing<\/em>, professionals and consultants.<br \/>Users have the right to obtain a list of any data processors appointed by the Data Controller by making a request to the Data Controller in the manner set forth in Section 4) below.<\/p><\/div><\/div><\/div><\/div><\/div><\/div>\t\t\t\t\t\t\t\t<\/div>\n\t\t\t\t<\/div>\n\t\t\t\t<div class=\"elementor-element elementor-element-0391cda elementor-widget elementor-widget-heading\" data-id=\"0391cda\" data-element_type=\"widget\" data-e-type=\"widget\" data-widget_type=\"heading.default\">\n\t\t\t\t<div class=\"elementor-widget-container\">\n\t\t\t\t\t<h5 class=\"elementor-heading-title elementor-size-default\">4. Data Transfer<\/h5>\t\t\t\t<\/div>\n\t\t\t\t<\/div>\n\t\t\t\t<div class=\"elementor-element elementor-element-ed719db elementor-widget elementor-widget-text-editor\" data-id=\"ed719db\" data-element_type=\"widget\" data-e-type=\"widget\" data-widget_type=\"text-editor.default\">\n\t\t\t\t<div class=\"elementor-widget-container\">\n\t\t\t\t\t\t\t\t\t<div class=\"page\" title=\"Page 1\"><div class=\"layoutArea\"><div class=\"column\"><div class=\"page\" title=\"Page 1\"><div class=\"layoutArea\"><div class=\"column\"><p>The Data Controller does not transfer personal data to third countries outside the EU area.<br \/>However, it reserves the right to use cloud services; in which case, the service providers will be selected from among those who provide adequate guarantees, as required by art. 46 GDPR 2 016\/679.<\/p><\/div><\/div><\/div><\/div><\/div><\/div>\t\t\t\t\t\t\t\t<\/div>\n\t\t\t\t<\/div>\n\t\t\t\t<div class=\"elementor-element elementor-element-52c441c elementor-widget elementor-widget-heading\" data-id=\"52c441c\" data-element_type=\"widget\" data-e-type=\"widget\" data-widget_type=\"heading.default\">\n\t\t\t\t<div class=\"elementor-widget-container\">\n\t\t\t\t\t<h5 class=\"elementor-heading-title elementor-size-default\">5. Rights of the interested parties<\/h5>\t\t\t\t<\/div>\n\t\t\t\t<\/div>\n\t\t\t\t<div class=\"elementor-element elementor-element-526d26e elementor-widget elementor-widget-text-editor\" data-id=\"526d26e\" data-element_type=\"widget\" data-e-type=\"widget\" data-widget_type=\"text-editor.default\">\n\t\t\t\t<div class=\"elementor-widget-container\">\n\t\t\t\t\t\t\t\t\t<div class=\"page\" title=\"Page 1\">\n<div class=\"layoutArea\">\n<div class=\"column\">\n<div class=\"page\" title=\"Page 1\">\n<div class=\"layoutArea\">\n<div class=\"column\">\n<p>Users will be able to exercise the rights guaranteed to them by the Applicable Regulations by contacting the Owner in the following ways:<\/p>\n<ul>\n<li>By sending a registered letter with return receipt to the Data Controller's registered office in via T. Tasso, 9 - 42 023 Cadelbosco di Sopra (RE).<\/li>\n<li>By sending an e-mail message to the following addresses: e-mail: <a href=\"mailto:info@trbitaly.com\">info@trbitaly.com<\/a> or pec: <a href=\"mailto:trb1@legalmail.it\">trb1@legalmail.it<\/a>.<\/li>\n<\/ul>\n<p>Ai sensi della Normativa Applicabile, il Titolare informa che gli Utenti hanno il diritto di ottenere l&#8217;indicazione (i) dell&#8217;origine dei dati personali; (ii) delle finalit\u00e0 e modalit\u00e0 del trattamento; (iii) della logica applicata in caso di trattamento effettuato con l&#8217;ausilio di strumenti elettronici; (iv) degli estremi identificativi del titolare e dei responsabili; (v) dei soggetti o delle categorie di soggetti ai quali i dati personali possono essere comunicati o che possono venirne a conoscenza in qualit\u00e0 di responsabili o incaricati.<\/p>\n<p>Furthermore, Users have the right to obtain:<\/p>\n<ol style=\"margin-bottom: var(--content-spacing); text-align: start; padding-inline-start: var(--listIndent); letter-spacing: 0.1px;\">\n<li style=\"margin-bottom: var(--listItemSpacing);\">access, updating, rectification or, when interested, integration of data;<\/li>\n<li style=\"margin-bottom: var(--listItemSpacing);\">the cancellation, transformation into anonymous form or blocking of data processed unlawfully, including data whose retention is unnecessary for the purposes for which the data were collected or subsequently processed;<\/li>\n<li style=\"margin-bottom: var(--listItemSpacing);\">the attestation that the operations referred to in letters a) and b) have been brought to the attention, also as regards their content, of those to whom the data have been communicated or disseminated, except in the case in which this fulfillment is proves impossible or involves the use of means manifestly disproportionate to the protected right.<\/li>\n<\/ol>\n<div title=\"Page 1\">\n<div>\n<div>\n<p>Furthermore, Users have:<\/p>\n<\/div>\n<\/div>\n<\/div>\n<ol>\n<li>the right to withdraw consent at any time, if the treatment is based on their consent;<\/li>\n<li>the right (where applicable) to data portability (right to receive all personal data concerning them in a structured format, commonly used and readable by an automatic device), the right to limit the processing of personal data and the right to cancellation (\"right to be forgotten\");<\/li>\n<li>the right to object in whole or in part, for legitimate reasons, to the processing of personal data concerning them, even if pertinent to the purpose of the collection;<\/li>\n<li>if they believe that the processing that concerns them violates the Regulation, the right to lodge a complaint with a Supervisory Authority (in the Member State in which they usually reside, in the one in which they work or in the one in which the alleged violation has occurred ). The Italian Supervisory Authority is the Guarantor for the protection of personal data, with headquarters in Piazza Venezia 11, 00186 - Rome (<strong><a href=\"http:\/\/www.garanteprivacy.it\/\">http:\/\/www.garanteprivacy.it\/<\/a><\/strong>).<\/li>\n<\/ol>\n<p>For anything not covered by this information, please refer to Regulation (EU) 2 016\/679 to Legislative Decree 196\/03 as amended by Legislative Decree 101\/2018 and subsequent amendments, as well as any other provision issued by the Guarantor Authority for the Prot\u00e9g\u00e9 processing of Personal Data (\"Guarantor\").<\/p>\n<p>The Owner is not responsible for updating all the links that can be viewed in this Information, therefore whenever a link is not functional and\/or updated, Users acknowledge and accept that they must always refer to the document and\/or section of the websites referred to by this link in the event of non-acceptance of the changes made to this privacy policy, the User is required to cease using <a href=\"http:\/\/www.trbitaly.it\"><strong>www.trbitaly.it<\/strong><\/a> and may request the Data Controller to remove his Personal Data. Unless otherwise specified, the previous privacy policy will continue to apply to the Personal Data collected up to that moment.<\/p>\n<\/div>\n<\/div>\n<\/div>\n<\/div>\n<\/div>\n<\/div>\t\t\t\t\t\t\t\t<\/div>\n\t\t\t\t<\/div>\n\t\t\t\t\t<\/div>\n\t\t<\/div>\n\t\t\t\t\t<\/div>\n\t\t<\/section>\n\t\t\t\t<\/div>","protected":false},"excerpt":{"rendered":"<p>Privacy policy La societa\u0300 TRB SRL , in persona del Suo Legale Rappresentante, P.IVA 01921660351, con sede in Via T. Tasso, 9 42023 Cadelbosco Sopra (RE) con recapito mail info@trbitaly.com &#8211; PEC trb1@legalmail.it (di seguito, il \u201cSito\u201d), in qualita\u0300 di titolare del trattamento dei dati personali degli utenti del Sito (di seguito, gli \u201cUtenti\u201d) fornisce qui di seguito l\u2019informativa privacy ai sensi dell\u2019art. 13 del Regolamento UE 2016\/679 del 27 aprile 2016 (di seguito, \u201cRegolamento\u201d, o la \u201cNormativa Applicabile\u201d). Questo Sito e i servizi eventualmente offerti tramite il Sito sono riservati a soggetti che hanno compiuto il diciottesimo anno di et\u00e0. Il Titolare non raccoglie quindi dati personali relativi ai soggetti minori di anni 18. Su richiesta degli Utenti, il Titolare canceller\u00e0 tempestivamente tutti i dati personali involontariamente raccolti e relativi a soggetti minori di anni 18. Il Titolare tiene nella massima considerazione il diritto alla privacy ed alla protezione dei dati personali dei propri Utenti. Per ogni informazione in relazione alla presente informativa privacy, gli Utenti possono contattare il Titolare in qualsiasi momento, utilizzando le seguenti modalit\u00e0: Inviando una raccomandata a\/r alla sede legale del Titolare in via T. Tasso, 9 \u2013 42023 Cadelbosco di Sopra (RE) Inviando un messaggio di posta elettronica ai seguenti indirizzi e-mail: info@trbitaly.com o PEC: trb1@legalmail.it 1. Finalit\u00e0 del trattamento I dati personali degli Utenti saranno trattati lecitamente dal Titolare ai sensi dell\u2019art. 6 del Regolamento per le seguenti finalit\u00e0 di trattamento: fornitura del servizio, ovvero per consentire la navigazione del Sito da parte dell\u2019Utente. I dati dell\u2019Utente raccolti dal Titolare a tal fine includono tutti i dati personali la cui trasmissione \u00e8 implicita nell&#8217;uso dei protocolli di comunicazione di Internet, che i sistemi informatici e le procedure software preposte al funzionamento del Sito acquisiscono nel corso del loro normale esercizio: gli indirizzi IP o i nomi a dominio dei computer utilizzati dagli Utenti, gli indirizzi in notazione URI (Uniform Resource Identifier) delle risorse richieste, l&#8217;orario della richiesta, il metodo utilizzato nel sottoporre la richiesta al server, la dimensione del file ottenuto in risposta, il codice numerico indicante lo stato della risposta data dal server (buon fine, errore, ecc.) ed altri parametri relativi al sistema operativo e all&#8217;ambiente informatico dell&#8217;Utente. Questi dati vengono utilizzati al solo fine di ricavare informazioni statistiche anonime sull&#8217;uso del Sito e per permetterne il corretto funzionamento. Fermo restando quanto previsto altrove in questa informativa privacy, in nessun caso il Titolare render\u00e0 accessibili agli altri Utenti e\/o a terzi i dati personali degli Utenti; evadere la richiesta dell\u2019Utente: i dati personali degli Utenti sono raccolti e trattati dal Titolare al solo fine di evadere la loro richiesta. I dati dell\u2019Utente raccolti dal Titolare a tale fine includono: nome, cognome, indirizzo, mail, e tutti gli ulteriori dati dell\u2019Utente eventualmente e volontariamente pubblicati nella sezione contatti. Nessun altro trattamento verr\u00e0 effettuato dal Titolare in relazione ai dati personali degli Utenti. Fermo restando quanto previsto altrove in questa informativa privacy, in nessun caso il Titolare render\u00e0 accessibili agli altri Utenti e\/o a terzi i dati personali degli Utenti; finalit\u00e0 amministrativo-contabili, ovvero per svolgere attivit\u00e0 di natura organizzativa, amministrativa, finanziaria e contabile, quali attivit\u00e0 organizzative interne ed attivit\u00e0 funzionali all&#8217;adempimento di obblighi contrattuali e precontrattuali; obblighi di legge, ovvero per adempiere ad obblighi previsti dalla legge, da un\u2019autorit\u00e0, da un regolamento o dalla normativa e per l&#8217;accertamento di responsabilita in caso di ipotetici reati informatici ai danni del Sito; consenso prestato, qualora nei casi previsti dalla normativa vigente l\u2019Utente ha prestato il consenso per una o pi\u00f9 finalit\u00e0 specifiche; esecuzione di un contratto, qualora il trattamento sia necessario all\u2019esecuzione di un contratto con l\u2019Utente e\/o all\u2019esecuzione di misure precontrattuali. \u00c8 comunque sempre possibile richiedere al Titolare di chiarire la concreta base giuridica di ciascun trattamento ed in particolare di verificare se il trattamento sia basato sulla legge, previsto da un contratto o necessario per concludere un contratto.Il conferimento dei dati personali per le finalit\u00e0 di trattamento sopra indicate \u00e8 facoltativo ma necessario, poich\u00e9 il mancato conferimento degli stessi comporter\u00e0 l\u2019impossibilita per l\u2019Utente di effettuare la propria richiesta al Titolare.I dati personali che sono necessari per il perseguimento delle finalit\u00e0 di trattamento descritte al presente punto 1) sono indicati con un asterisco all\u2019interno del modulo di richiesta. 2. Modalit\u00e0 di trattamento e tempi di conservazione dei dati Il Titolare tratter\u00e0 i dati personali degli Utenti mediante strumenti manuali ed informatici, con logiche strettamente correlate alle finalit\u00e0 stesse e, comunque, in modo da garantire la sicurezza e la riservatezza dei dati stessi.I dati personali degli Utenti del Sito saranno conservati per i tempi strettamente necessari ad espletare le finalit\u00e0 primarie illustrate al precedente punto 1) o comunque secondo quanto necessario per la tutela in sede civilistica degli interessi sia degli Utenti che del Titolare. 3. Ambito di comunicazione e diffusione dei dati Potranno venire a conoscenza dei dati personali degli Utenti i dipendenti e\/o collaboratori del Titolare incaricati di gestire il Sito e le richieste degli Utenti. Tali soggetti, che sono stati istruiti in tal senso dal Titolare ai sensi dell\u2019art. 29 del Regolamento, tratteranno i dati dell\u2019Utente esclusivamente per le finalit\u00e0 indicate nella presente informativa e nel rispetto delle previsioni della Normativa Applicabile.Potranno inoltre venire a conoscenza dei dati personali degli Utenti i soggetti terzi che potranno trattare dati personali per conto del Titolare in qualit\u00e0 di \u201cResponsabili Esterni del Trattamento\u201d, quali, a titolo esemplificativo, fornitori di servizi informatici e logistici funzionali all\u2019operativit\u00e0 del Sito, fornitori di servizi in outsourcing o cloud computing, professionisti e consulenti.Gli Utenti hanno il diritto di ottenere una lista degli eventuali responsabili del trattamento nominati dal Titolare, facendone richiesta al Titolare con le modalit\u00e0 indicate al successivo punto 4). 4. Trasferimento dei dati Il Titolare del trattamento non trasferisce i dati personali in paesi terzi al di fuori dello spazio UE.Tuttavia, si riserva la possibilit\u00e0 di utilizzare servizi in cloud; nel qual caso, i fornitori dei servizi saranno selezionati tra coloro che forniscono garanzie adeguate, cos\u00ec come previsto dall\u2019art. 46 GDPR 2016\/679. 5. Diritti degli Interessati Gli Utenti potranno<\/p>","protected":false},"author":1,"featured_media":0,"parent":0,"menu_order":0,"comment_status":"closed","ping_status":"closed","template":"elementor_header_footer","meta":{"footnotes":""},"class_list":["post-1453","page","type-page","status-publish","hentry"],"blocksy_meta":{"styles_descriptor":{"styles":{"desktop":"","tablet":"","mobile":""},"google_fonts":[],"version":6}},"aioseo_notices":[],"_links":{"self":[{"href":"https:\/\/www.trbitaly.com\/en\/wp-json\/wp\/v2\/pages\/1453","targetHints":{"allow":["GET"]}}],"collection":[{"href":"https:\/\/www.trbitaly.com\/en\/wp-json\/wp\/v2\/pages"}],"about":[{"href":"https:\/\/www.trbitaly.com\/en\/wp-json\/wp\/v2\/types\/page"}],"author":[{"embeddable":true,"href":"https:\/\/www.trbitaly.com\/en\/wp-json\/wp\/v2\/users\/1"}],"replies":[{"embeddable":true,"href":"https:\/\/www.trbitaly.com\/en\/wp-json\/wp\/v2\/comments?post=1453"}],"version-history":[{"count":40,"href":"https:\/\/www.trbitaly.com\/en\/wp-json\/wp\/v2\/pages\/1453\/revisions"}],"predecessor-version":[{"id":2433,"href":"https:\/\/www.trbitaly.com\/en\/wp-json\/wp\/v2\/pages\/1453\/revisions\/2433"}],"wp:attachment":[{"href":"https:\/\/www.trbitaly.com\/en\/wp-json\/wp\/v2\/media?parent=1453"}],"curies":[{"name":"wp","href":"https:\/\/api.w.org\/{rel}","templated":true}]}}